{"id":104,"date":"2017-01-27T17:54:54","date_gmt":"2017-01-27T16:54:54","guid":{"rendered":"http:\/\/devsector.ch\/clients\/appmigrants\/homepage\/"},"modified":"2017-05-19T10:36:19","modified_gmt":"2017-05-19T08:36:19","slug":"homepage","status":"publish","type":"page","link":"https:\/\/bonjourgeneve.ch\/en\/","title":{"rendered":"Homepage"},"content":{"rendered":"<h2 style=\"text-align: center;\">Be part of the local life in Geneva<\/h2>\n","protected":false},"excerpt":{"rendered":"<p>Be part of the local life in Geneva<\/p>\n","protected":false},"author":1,"featured_media":0,"parent":0,"menu_order":0,"comment_status":"closed","ping_status":"closed","template":"page-template-homepage.php","meta":{"_acf_changed":false,"footnotes":""},"class_list":["post-104","page","type-page","status-publish","hentry"],"acf":[],"yoast_head":"<!-- This site is optimized with the Yoast SEO plugin v27.1.1 - https:\/\/yoast.com\/product\/yoast-seo-wordpress\/ -->\n<title>Homepage - Bonjour Gen\u00e8ve<\/title>\n<meta name=\"description\" content=\"Bonjour Gen\u00e8ve - Bonjour \u00e0 vous, migrants de tous horizons, arriv\u00e9s depuis peu \u00e0 Gen\u00e8ve. Vivre et conna\u00eetre Gen\u00e8ve, toutes les infos pratiques\" \/>\n<meta name=\"robots\" content=\"index, follow, max-snippet:-1, max-image-preview:large, max-video-preview:-1\" \/>\n<link rel=\"canonical\" href=\"https:\/\/bonjourgeneve.ch\/en\/\" \/>\n<meta property=\"og:locale\" content=\"en_US\" \/>\n<meta property=\"og:type\" content=\"article\" \/>\n<meta property=\"og:title\" content=\"Homepage - Bonjour Gen\u00e8ve\" \/>\n<meta property=\"og:description\" content=\"Bonjour Gen\u00e8ve - Bonjour \u00e0 vous, migrants de tous horizons, arriv\u00e9s depuis peu \u00e0 Gen\u00e8ve. Vivre et conna\u00eetre Gen\u00e8ve, toutes les infos pratiques\" \/>\n<meta property=\"og:url\" content=\"https:\/\/bonjourgeneve.ch\/en\/\" \/>\n<meta property=\"og:site_name\" content=\"Bonjour Gen\u00e8ve\" \/>\n<meta property=\"article:modified_time\" content=\"2017-05-19T08:36:19+00:00\" \/>\n<meta name=\"twitter:card\" content=\"summary_large_image\" \/>\n<script type=\"application\/ld+json\" class=\"yoast-schema-graph\">{\"@context\":\"https:\/\/schema.org\",\"@graph\":[{\"@type\":\"WebPage\",\"@id\":\"https:\/\/bonjourgeneve.ch\/en\/\",\"url\":\"https:\/\/bonjourgeneve.ch\/en\/\",\"name\":\"Homepage - Bonjour Gen\u00e8ve\",\"isPartOf\":{\"@id\":\"https:\/\/bonjourgeneve.ch\/en\/#website\"},\"datePublished\":\"2017-01-27T16:54:54+00:00\",\"dateModified\":\"2017-05-19T08:36:19+00:00\",\"description\":\"Bonjour Gen\u00e8ve - Bonjour \u00e0 vous, migrants de tous horizons, arriv\u00e9s depuis peu \u00e0 Gen\u00e8ve. Vivre et conna\u00eetre Gen\u00e8ve, toutes les infos pratiques\",\"breadcrumb\":{\"@id\":\"https:\/\/bonjourgeneve.ch\/en\/#breadcrumb\"},\"inLanguage\":\"en-US\",\"potentialAction\":[{\"@type\":\"ReadAction\",\"target\":[\"https:\/\/bonjourgeneve.ch\/en\/\"]}]},{\"@type\":\"BreadcrumbList\",\"@id\":\"https:\/\/bonjourgeneve.ch\/en\/#breadcrumb\",\"itemListElement\":[{\"@type\":\"ListItem\",\"position\":1,\"name\":\"Accueil\",\"item\":\"https:\/\/bonjourgeneve.ch\/en\/\"},{\"@type\":\"ListItem\",\"position\":2,\"name\":\"Homepage\"}]},{\"@type\":\"WebSite\",\"@id\":\"https:\/\/bonjourgeneve.ch\/en\/#website\",\"url\":\"https:\/\/bonjourgeneve.ch\/en\/\",\"name\":\"Bonjour Gen\u00e8ve\",\"description\":\"The Hospice General welcomes you to Geneva\",\"publisher\":{\"@id\":\"https:\/\/bonjourgeneve.ch\/en\/#organization\"},\"potentialAction\":[{\"@type\":\"SearchAction\",\"target\":{\"@type\":\"EntryPoint\",\"urlTemplate\":\"https:\/\/bonjourgeneve.ch\/en\/?s={search_term_string}\"},\"query-input\":{\"@type\":\"PropertyValueSpecification\",\"valueRequired\":true,\"valueName\":\"search_term_string\"}}],\"inLanguage\":\"en-US\"},{\"@type\":\"Organization\",\"@id\":\"https:\/\/bonjourgeneve.ch\/en\/#organization\",\"name\":\"Bonjour Gen\u00e8ve\",\"url\":\"https:\/\/bonjourgeneve.ch\/en\/\",\"logo\":{\"@type\":\"ImageObject\",\"inLanguage\":\"en-US\",\"@id\":\"https:\/\/bonjourgeneve.ch\/en\/#\/schema\/logo\/image\/\",\"url\":\"https:\/\/bonjourgeneve.ch\/wp-content\/uploads\/2017\/07\/apple-touch-icon-180x180.png\",\"contentUrl\":\"https:\/\/bonjourgeneve.ch\/wp-content\/uploads\/2017\/07\/apple-touch-icon-180x180.png\",\"width\":180,\"height\":180,\"caption\":\"Bonjour Gen\u00e8ve\"},\"image\":{\"@id\":\"https:\/\/bonjourgeneve.ch\/en\/#\/schema\/logo\/image\/\"}}]}<\/script>\n<!-- \/ Yoast SEO plugin. -->","yoast_head_json":{"title":"Homepage - Bonjour Gen\u00e8ve","description":"Bonjour Gen\u00e8ve - Bonjour \u00e0 vous, migrants de tous horizons, arriv\u00e9s depuis peu \u00e0 Gen\u00e8ve. Vivre et conna\u00eetre Gen\u00e8ve, toutes les infos pratiques","robots":{"index":"index","follow":"follow","max-snippet":"max-snippet:-1","max-image-preview":"max-image-preview:large","max-video-preview":"max-video-preview:-1"},"canonical":"https:\/\/bonjourgeneve.ch\/en\/","og_locale":"en_US","og_type":"article","og_title":"Homepage - Bonjour Gen\u00e8ve","og_description":"Bonjour Gen\u00e8ve - Bonjour \u00e0 vous, migrants de tous horizons, arriv\u00e9s depuis peu \u00e0 Gen\u00e8ve. Vivre et conna\u00eetre Gen\u00e8ve, toutes les infos pratiques","og_url":"https:\/\/bonjourgeneve.ch\/en\/","og_site_name":"Bonjour Gen\u00e8ve","article_modified_time":"2017-05-19T08:36:19+00:00","twitter_card":"summary_large_image","schema":{"@context":"https:\/\/schema.org","@graph":[{"@type":"WebPage","@id":"https:\/\/bonjourgeneve.ch\/en\/","url":"https:\/\/bonjourgeneve.ch\/en\/","name":"Homepage - Bonjour Gen\u00e8ve","isPartOf":{"@id":"https:\/\/bonjourgeneve.ch\/en\/#website"},"datePublished":"2017-01-27T16:54:54+00:00","dateModified":"2017-05-19T08:36:19+00:00","description":"Bonjour Gen\u00e8ve - Bonjour \u00e0 vous, migrants de tous horizons, arriv\u00e9s depuis peu \u00e0 Gen\u00e8ve. Vivre et conna\u00eetre Gen\u00e8ve, toutes les infos pratiques","breadcrumb":{"@id":"https:\/\/bonjourgeneve.ch\/en\/#breadcrumb"},"inLanguage":"en-US","potentialAction":[{"@type":"ReadAction","target":["https:\/\/bonjourgeneve.ch\/en\/"]}]},{"@type":"BreadcrumbList","@id":"https:\/\/bonjourgeneve.ch\/en\/#breadcrumb","itemListElement":[{"@type":"ListItem","position":1,"name":"Accueil","item":"https:\/\/bonjourgeneve.ch\/en\/"},{"@type":"ListItem","position":2,"name":"Homepage"}]},{"@type":"WebSite","@id":"https:\/\/bonjourgeneve.ch\/en\/#website","url":"https:\/\/bonjourgeneve.ch\/en\/","name":"Bonjour Gen\u00e8ve","description":"The Hospice General welcomes you to Geneva","publisher":{"@id":"https:\/\/bonjourgeneve.ch\/en\/#organization"},"potentialAction":[{"@type":"SearchAction","target":{"@type":"EntryPoint","urlTemplate":"https:\/\/bonjourgeneve.ch\/en\/?s={search_term_string}"},"query-input":{"@type":"PropertyValueSpecification","valueRequired":true,"valueName":"search_term_string"}}],"inLanguage":"en-US"},{"@type":"Organization","@id":"https:\/\/bonjourgeneve.ch\/en\/#organization","name":"Bonjour Gen\u00e8ve","url":"https:\/\/bonjourgeneve.ch\/en\/","logo":{"@type":"ImageObject","inLanguage":"en-US","@id":"https:\/\/bonjourgeneve.ch\/en\/#\/schema\/logo\/image\/","url":"https:\/\/bonjourgeneve.ch\/wp-content\/uploads\/2017\/07\/apple-touch-icon-180x180.png","contentUrl":"https:\/\/bonjourgeneve.ch\/wp-content\/uploads\/2017\/07\/apple-touch-icon-180x180.png","width":180,"height":180,"caption":"Bonjour Gen\u00e8ve"},"image":{"@id":"https:\/\/bonjourgeneve.ch\/en\/#\/schema\/logo\/image\/"}}]}},"_links":{"self":[{"href":"https:\/\/bonjourgeneve.ch\/en\/wp-json\/wp\/v2\/pages\/104","targetHints":{"allow":["GET"]}}],"collection":[{"href":"https:\/\/bonjourgeneve.ch\/en\/wp-json\/wp\/v2\/pages"}],"about":[{"href":"https:\/\/bonjourgeneve.ch\/en\/wp-json\/wp\/v2\/types\/page"}],"author":[{"embeddable":true,"href":"https:\/\/bonjourgeneve.ch\/en\/wp-json\/wp\/v2\/users\/1"}],"replies":[{"embeddable":true,"href":"https:\/\/bonjourgeneve.ch\/en\/wp-json\/wp\/v2\/comments?post=104"}],"version-history":[{"count":4,"href":"https:\/\/bonjourgeneve.ch\/en\/wp-json\/wp\/v2\/pages\/104\/revisions"}],"predecessor-version":[{"id":899,"href":"https:\/\/bonjourgeneve.ch\/en\/wp-json\/wp\/v2\/pages\/104\/revisions\/899"}],"wp:attachment":[{"href":"https:\/\/bonjourgeneve.ch\/en\/wp-json\/wp\/v2\/media?parent=104"}],"curies":[{"name":"wp","href":"https:\/\/api.w.org\/{rel}","templated":true}]}}