{"id":1843,"date":"2017-10-06T16:54:50","date_gmt":"2017-10-06T14:54:50","guid":{"rendered":"https:\/\/bonjourgeneve.ch\/?page_id=1843\/"},"modified":"2017-10-06T22:50:15","modified_gmt":"2017-10-06T20:50:15","slug":"about","status":"publish","type":"page","link":"https:\/\/bonjourgeneve.ch\/en\/about\/","title":{"rendered":"About"},"content":{"rendered":"<p><img loading=\"lazy\" decoding=\"async\" class=\"aligncenter size-full wp-image-1750\" src=\"https:\/\/bonjourgeneve.ch\/wp-content\/uploads\/2017\/06\/Bonjour_apropos_grand.png\" alt=\"\" width=\"1200\" height=\"365\" srcset=\"https:\/\/bonjourgeneve.ch\/wp-content\/uploads\/2017\/06\/Bonjour_apropos_grand.png 1200w, https:\/\/bonjourgeneve.ch\/wp-content\/uploads\/2017\/06\/Bonjour_apropos_grand-300x91.png 300w, https:\/\/bonjourgeneve.ch\/wp-content\/uploads\/2017\/06\/Bonjour_apropos_grand-768x234.png 768w, https:\/\/bonjourgeneve.ch\/wp-content\/uploads\/2017\/06\/Bonjour_apropos_grand-1024x311.png 1024w\" sizes=\"auto, (max-width: 1200px) 100vw, 1200px\" \/><\/p>\n<p>&nbsp;<\/p>\n<p><strong>Hello to who?<\/strong><br \/>\nHello to you, immigrants from all over who have recently arrived in Geneva.<\/p>\n<p>&nbsp;<\/p>\n<p><strong>Who is saying hello to you?<\/strong><br \/>\nWe are, the staff of the Hospice g\u00e9n\u00e9ral. We are in charge of welcoming immigrants and helping them to integrate life in their new surroundings. We would like to offer you a warm &#8220;Hello&#8221;!<\/p>\n<p>&nbsp;<\/p>\n<p><strong>Why Hello?<\/strong><br \/>\nMainly to make your lives easier! Hello brings together on one site hundreds of useful addresses and additional information that will help you find what you need, advice, assistance, activities, opportunities to meet others, and much more. Hello is designed to help you to get your bearings in the city.<\/p>\n<p>&nbsp;<\/p>\n<p><strong>What will you find on Hello?<\/strong><br \/>\nOn this platform you will find all the practical information you need on life in Geneva along with the main topics having to do with the day-to-day challenges you face here.<\/p>\n<p>You can consult the site on your smartphone, tablet and PC.<\/p>\n<p>&nbsp;<\/p>\n<p><strong>How to use Hello.<\/strong><\/p>\n<ul>\n<li>Click on the topics you want and you will get answers to the questions you&#8217;re interested in. A colored tab is linked to each topic. It will help you navigate the site to find what you&#8217;re looking for quickly and easily.<\/li>\n<\/ul>\n<p>&nbsp;<\/p>\n<p><a href=\"https:\/\/bonjourgeneve.ch\/thematiques\/\"><img loading=\"lazy\" decoding=\"async\" class=\"aligncenter size-large wp-image-1738\" src=\"https:\/\/bonjourgeneve.ch\/wp-content\/uploads\/2017\/06\/apropos_thematique-3.png\" alt=\"\" width=\"410\" height=\"200\" srcset=\"https:\/\/bonjourgeneve.ch\/wp-content\/uploads\/2017\/06\/apropos_thematique-3.png 410w, https:\/\/bonjourgeneve.ch\/wp-content\/uploads\/2017\/06\/apropos_thematique-3-300x146.png 300w\" sizes=\"auto, (max-width: 410px) 100vw, 410px\" \/><\/a><\/p>\n<p>&nbsp;<\/p>\n<ul>\n<li>Explore the map below according to the topics that interest you. The map will show you how to get to each place. Just click on &#8220;How to get there.&#8221;<\/li>\n<\/ul>\n<p>&nbsp;<\/p>\n<p style=\"text-align: center;\"><a href=\"https:\/\/bonjourgeneve.ch\/carte\/\"><img loading=\"lazy\" decoding=\"async\" class=\"aligncenter wp-image-1740\" src=\"https:\/\/bonjourgeneve.ch\/wp-content\/uploads\/2017\/06\/apropos_map-1.png\" alt=\"\" width=\"960\" height=\"344\" srcset=\"https:\/\/bonjourgeneve.ch\/wp-content\/uploads\/2017\/06\/apropos_map-1.png 1198w, https:\/\/bonjourgeneve.ch\/wp-content\/uploads\/2017\/06\/apropos_map-1-300x107.png 300w, https:\/\/bonjourgeneve.ch\/wp-content\/uploads\/2017\/06\/apropos_map-1-768x275.png 768w, https:\/\/bonjourgeneve.ch\/wp-content\/uploads\/2017\/06\/apropos_map-1-1024x367.png 1024w\" sizes=\"auto, (max-width: 960px) 100vw, 960px\" \/><\/a><\/p>\n<p>&nbsp;<\/p>\n<ul>\n<li style=\"list-style-type: none;\">\n<ul>\n<li>Use the &#8220;search&#8221; function to find your destination by typing in one or more keywords.<br \/>\n<a href=\"#search\"><img loading=\"lazy\" decoding=\"async\" class=\"wp-image-1747 size-full alignnone\" src=\"https:\/\/bonjourgeneve.ch\/wp-content\/uploads\/2017\/06\/apropos_loupe.png\" alt=\"\" width=\"60\" height=\"100\" \/><\/a><\/li>\n<li>Consult translations for words and phrases that are available in a dozen languages.<br \/>\n<a href=\"https:\/\/bonjourgeneve.ch\/category\/traductions\/\"><img loading=\"lazy\" decoding=\"async\" class=\"alignnone wp-image-1744\" src=\"https:\/\/bonjourgeneve.ch\/wp-content\/uploads\/2017\/06\/apropos_trad-1.png\" alt=\"\" width=\"60\" height=\"84\" \/><\/a><\/li>\n<li>Navigate the site by using keyword filters<\/li>\n<\/ul>\n<\/li>\n<\/ul>\n<p style=\"padding-left: 60px;\"><img loading=\"lazy\" decoding=\"async\" class=\"wp-image-1759 size-full alignnone\" src=\"https:\/\/bonjourgeneve.ch\/wp-content\/uploads\/2017\/06\/tags.png\" alt=\"\" width=\"505\" height=\"47\" srcset=\"https:\/\/bonjourgeneve.ch\/wp-content\/uploads\/2017\/06\/tags.png 505w, https:\/\/bonjourgeneve.ch\/wp-content\/uploads\/2017\/06\/tags-300x28.png 300w\" sizes=\"auto, (max-width: 505px) 100vw, 505px\" \/><\/p>\n<p>&nbsp;<\/p>\n<p>If you need help, please don&#8217;t hesitate to ask someone on the Hospice\u00a0g\u00e9n\u00e9ral staff for assistance. We&#8217;ll be happy to oblige!<\/p>\n<p>&nbsp;<\/p>\n<p><strong>Who is behind Hello?<\/strong><br \/>\nHello is the result of a joint effort between the Hospice g\u00e9n\u00e9ral and the young designers Judith Hunziker and Fanny Giordano, both graduates of Geneva&#8217;s Haute \u00e9cole d\u2019art et de design (HEAD).\u00a0Maurizio Velletri, a specialist in web content management, oversaw the project, which was developed by <a href=\"http:\/\/www.devsector.ch\" target=\"_blank\" rel=\"noopener\">devsector.ch<\/a>. Several asylum seekers were also actively involved in creating the platform over the course of a number of workshops and discussions. We would like to extend our warm thanks to all of them.<\/p>\n<p>&nbsp;<\/p>\n<p><strong>If you are interested in improving Hello and have some ideas you would like to share with us, contact us at this address: <\/strong><a href=\"mailto:bonjour@bonjourgeneve.ch\">bonjour@bonjourgeneve.ch<\/a><\/p>\n","protected":false},"excerpt":{"rendered":"<p>&nbsp; Hello to who? Hello to you, immigrants from all over who have recently arrived in Geneva. &nbsp; Who is saying hello to you? We are, the staff of the Hospice g\u00e9n\u00e9ral. We are in charge of welcoming immigrants and [&hellip;]<\/p>\n","protected":false},"author":1,"featured_media":0,"parent":0,"menu_order":0,"comment_status":"closed","ping_status":"closed","template":"templates\/page_fullwidth.php","meta":{"_acf_changed":false,"footnotes":""},"class_list":["post-1843","page","type-page","status-publish","hentry"],"acf":[],"yoast_head":"<!-- This site is optimized with the Yoast SEO plugin v27.1.1 - https:\/\/yoast.com\/product\/yoast-seo-wordpress\/ -->\n<title>About - Bonjour Gen\u00e8ve<\/title>\n<meta name=\"description\" content=\"Bonjour Gen\u00e8ve - Bonjour \u00e0 vous, migrants de tous horizons, arriv\u00e9s depuis peu \u00e0 Gen\u00e8ve. Vivre et conna\u00eetre Gen\u00e8ve, toutes les infos pratiques\" \/>\n<meta name=\"robots\" content=\"index, follow, max-snippet:-1, max-image-preview:large, max-video-preview:-1\" \/>\n<link rel=\"canonical\" href=\"https:\/\/bonjourgeneve.ch\/en\/about\/\" \/>\n<meta property=\"og:locale\" content=\"en_US\" \/>\n<meta property=\"og:type\" content=\"article\" \/>\n<meta property=\"og:title\" content=\"About - Bonjour Gen\u00e8ve\" \/>\n<meta property=\"og:description\" content=\"Bonjour Gen\u00e8ve - Bonjour \u00e0 vous, migrants de tous horizons, arriv\u00e9s depuis peu \u00e0 Gen\u00e8ve. Vivre et conna\u00eetre Gen\u00e8ve, toutes les infos pratiques\" \/>\n<meta property=\"og:url\" content=\"https:\/\/bonjourgeneve.ch\/en\/about\/\" \/>\n<meta property=\"og:site_name\" content=\"Bonjour Gen\u00e8ve\" \/>\n<meta property=\"article:modified_time\" content=\"2017-10-06T20:50:15+00:00\" \/>\n<meta property=\"og:image\" content=\"https:\/\/bonjourgeneve.ch\/wp-content\/uploads\/2017\/06\/Bonjour_apropos_grand.png\" \/>\n<meta name=\"twitter:card\" content=\"summary_large_image\" \/>\n<meta name=\"twitter:label1\" content=\"Est. reading time\" \/>\n\t<meta name=\"twitter:data1\" content=\"2 minutes\" \/>\n<script type=\"application\/ld+json\" class=\"yoast-schema-graph\">{\"@context\":\"https:\/\/schema.org\",\"@graph\":[{\"@type\":\"WebPage\",\"@id\":\"https:\/\/bonjourgeneve.ch\/en\/about\/\",\"url\":\"https:\/\/bonjourgeneve.ch\/en\/about\/\",\"name\":\"About - Bonjour Gen\u00e8ve\",\"isPartOf\":{\"@id\":\"https:\/\/bonjourgeneve.ch\/en\/#website\"},\"primaryImageOfPage\":{\"@id\":\"https:\/\/bonjourgeneve.ch\/en\/about\/#primaryimage\"},\"image\":{\"@id\":\"https:\/\/bonjourgeneve.ch\/en\/about\/#primaryimage\"},\"thumbnailUrl\":\"https:\/\/bonjourgeneve.ch\/wp-content\/uploads\/2017\/06\/Bonjour_apropos_grand.png\",\"datePublished\":\"2017-10-06T14:54:50+00:00\",\"dateModified\":\"2017-10-06T20:50:15+00:00\",\"description\":\"Bonjour Gen\u00e8ve - Bonjour \u00e0 vous, migrants de tous horizons, arriv\u00e9s depuis peu \u00e0 Gen\u00e8ve. Vivre et conna\u00eetre Gen\u00e8ve, toutes les infos pratiques\",\"breadcrumb\":{\"@id\":\"https:\/\/bonjourgeneve.ch\/en\/about\/#breadcrumb\"},\"inLanguage\":\"en-US\",\"potentialAction\":[{\"@type\":\"ReadAction\",\"target\":[\"https:\/\/bonjourgeneve.ch\/en\/about\/\"]}]},{\"@type\":\"ImageObject\",\"inLanguage\":\"en-US\",\"@id\":\"https:\/\/bonjourgeneve.ch\/en\/about\/#primaryimage\",\"url\":\"https:\/\/bonjourgeneve.ch\/wp-content\/uploads\/2017\/06\/Bonjour_apropos_grand.png\",\"contentUrl\":\"https:\/\/bonjourgeneve.ch\/wp-content\/uploads\/2017\/06\/Bonjour_apropos_grand.png\"},{\"@type\":\"BreadcrumbList\",\"@id\":\"https:\/\/bonjourgeneve.ch\/en\/about\/#breadcrumb\",\"itemListElement\":[{\"@type\":\"ListItem\",\"position\":1,\"name\":\"Accueil\",\"item\":\"https:\/\/bonjourgeneve.ch\/en\/\"},{\"@type\":\"ListItem\",\"position\":2,\"name\":\"About\"}]},{\"@type\":\"WebSite\",\"@id\":\"https:\/\/bonjourgeneve.ch\/en\/#website\",\"url\":\"https:\/\/bonjourgeneve.ch\/en\/\",\"name\":\"Bonjour Gen\u00e8ve\",\"description\":\"The Hospice General welcomes you to Geneva\",\"publisher\":{\"@id\":\"https:\/\/bonjourgeneve.ch\/en\/#organization\"},\"potentialAction\":[{\"@type\":\"SearchAction\",\"target\":{\"@type\":\"EntryPoint\",\"urlTemplate\":\"https:\/\/bonjourgeneve.ch\/en\/?s={search_term_string}\"},\"query-input\":{\"@type\":\"PropertyValueSpecification\",\"valueRequired\":true,\"valueName\":\"search_term_string\"}}],\"inLanguage\":\"en-US\"},{\"@type\":\"Organization\",\"@id\":\"https:\/\/bonjourgeneve.ch\/en\/#organization\",\"name\":\"Bonjour Gen\u00e8ve\",\"url\":\"https:\/\/bonjourgeneve.ch\/en\/\",\"logo\":{\"@type\":\"ImageObject\",\"inLanguage\":\"en-US\",\"@id\":\"https:\/\/bonjourgeneve.ch\/en\/#\/schema\/logo\/image\/\",\"url\":\"https:\/\/bonjourgeneve.ch\/wp-content\/uploads\/2017\/07\/apple-touch-icon-180x180.png\",\"contentUrl\":\"https:\/\/bonjourgeneve.ch\/wp-content\/uploads\/2017\/07\/apple-touch-icon-180x180.png\",\"width\":180,\"height\":180,\"caption\":\"Bonjour Gen\u00e8ve\"},\"image\":{\"@id\":\"https:\/\/bonjourgeneve.ch\/en\/#\/schema\/logo\/image\/\"}}]}<\/script>\n<!-- \/ Yoast SEO plugin. -->","yoast_head_json":{"title":"About - Bonjour Gen\u00e8ve","description":"Bonjour Gen\u00e8ve - Bonjour \u00e0 vous, migrants de tous horizons, arriv\u00e9s depuis peu \u00e0 Gen\u00e8ve. Vivre et conna\u00eetre Gen\u00e8ve, toutes les infos pratiques","robots":{"index":"index","follow":"follow","max-snippet":"max-snippet:-1","max-image-preview":"max-image-preview:large","max-video-preview":"max-video-preview:-1"},"canonical":"https:\/\/bonjourgeneve.ch\/en\/about\/","og_locale":"en_US","og_type":"article","og_title":"About - Bonjour Gen\u00e8ve","og_description":"Bonjour Gen\u00e8ve - Bonjour \u00e0 vous, migrants de tous horizons, arriv\u00e9s depuis peu \u00e0 Gen\u00e8ve. Vivre et conna\u00eetre Gen\u00e8ve, toutes les infos pratiques","og_url":"https:\/\/bonjourgeneve.ch\/en\/about\/","og_site_name":"Bonjour Gen\u00e8ve","article_modified_time":"2017-10-06T20:50:15+00:00","og_image":[{"url":"https:\/\/bonjourgeneve.ch\/wp-content\/uploads\/2017\/06\/Bonjour_apropos_grand.png","type":"","width":"","height":""}],"twitter_card":"summary_large_image","twitter_misc":{"Est. reading time":"2 minutes"},"schema":{"@context":"https:\/\/schema.org","@graph":[{"@type":"WebPage","@id":"https:\/\/bonjourgeneve.ch\/en\/about\/","url":"https:\/\/bonjourgeneve.ch\/en\/about\/","name":"About - Bonjour Gen\u00e8ve","isPartOf":{"@id":"https:\/\/bonjourgeneve.ch\/en\/#website"},"primaryImageOfPage":{"@id":"https:\/\/bonjourgeneve.ch\/en\/about\/#primaryimage"},"image":{"@id":"https:\/\/bonjourgeneve.ch\/en\/about\/#primaryimage"},"thumbnailUrl":"https:\/\/bonjourgeneve.ch\/wp-content\/uploads\/2017\/06\/Bonjour_apropos_grand.png","datePublished":"2017-10-06T14:54:50+00:00","dateModified":"2017-10-06T20:50:15+00:00","description":"Bonjour Gen\u00e8ve - Bonjour \u00e0 vous, migrants de tous horizons, arriv\u00e9s depuis peu \u00e0 Gen\u00e8ve. Vivre et conna\u00eetre Gen\u00e8ve, toutes les infos pratiques","breadcrumb":{"@id":"https:\/\/bonjourgeneve.ch\/en\/about\/#breadcrumb"},"inLanguage":"en-US","potentialAction":[{"@type":"ReadAction","target":["https:\/\/bonjourgeneve.ch\/en\/about\/"]}]},{"@type":"ImageObject","inLanguage":"en-US","@id":"https:\/\/bonjourgeneve.ch\/en\/about\/#primaryimage","url":"https:\/\/bonjourgeneve.ch\/wp-content\/uploads\/2017\/06\/Bonjour_apropos_grand.png","contentUrl":"https:\/\/bonjourgeneve.ch\/wp-content\/uploads\/2017\/06\/Bonjour_apropos_grand.png"},{"@type":"BreadcrumbList","@id":"https:\/\/bonjourgeneve.ch\/en\/about\/#breadcrumb","itemListElement":[{"@type":"ListItem","position":1,"name":"Accueil","item":"https:\/\/bonjourgeneve.ch\/en\/"},{"@type":"ListItem","position":2,"name":"About"}]},{"@type":"WebSite","@id":"https:\/\/bonjourgeneve.ch\/en\/#website","url":"https:\/\/bonjourgeneve.ch\/en\/","name":"Bonjour Gen\u00e8ve","description":"The Hospice General welcomes you to Geneva","publisher":{"@id":"https:\/\/bonjourgeneve.ch\/en\/#organization"},"potentialAction":[{"@type":"SearchAction","target":{"@type":"EntryPoint","urlTemplate":"https:\/\/bonjourgeneve.ch\/en\/?s={search_term_string}"},"query-input":{"@type":"PropertyValueSpecification","valueRequired":true,"valueName":"search_term_string"}}],"inLanguage":"en-US"},{"@type":"Organization","@id":"https:\/\/bonjourgeneve.ch\/en\/#organization","name":"Bonjour Gen\u00e8ve","url":"https:\/\/bonjourgeneve.ch\/en\/","logo":{"@type":"ImageObject","inLanguage":"en-US","@id":"https:\/\/bonjourgeneve.ch\/en\/#\/schema\/logo\/image\/","url":"https:\/\/bonjourgeneve.ch\/wp-content\/uploads\/2017\/07\/apple-touch-icon-180x180.png","contentUrl":"https:\/\/bonjourgeneve.ch\/wp-content\/uploads\/2017\/07\/apple-touch-icon-180x180.png","width":180,"height":180,"caption":"Bonjour Gen\u00e8ve"},"image":{"@id":"https:\/\/bonjourgeneve.ch\/en\/#\/schema\/logo\/image\/"}}]}},"_links":{"self":[{"href":"https:\/\/bonjourgeneve.ch\/en\/wp-json\/wp\/v2\/pages\/1843","targetHints":{"allow":["GET"]}}],"collection":[{"href":"https:\/\/bonjourgeneve.ch\/en\/wp-json\/wp\/v2\/pages"}],"about":[{"href":"https:\/\/bonjourgeneve.ch\/en\/wp-json\/wp\/v2\/types\/page"}],"author":[{"embeddable":true,"href":"https:\/\/bonjourgeneve.ch\/en\/wp-json\/wp\/v2\/users\/1"}],"replies":[{"embeddable":true,"href":"https:\/\/bonjourgeneve.ch\/en\/wp-json\/wp\/v2\/comments?post=1843"}],"version-history":[{"count":4,"href":"https:\/\/bonjourgeneve.ch\/en\/wp-json\/wp\/v2\/pages\/1843\/revisions"}],"predecessor-version":[{"id":1851,"href":"https:\/\/bonjourgeneve.ch\/en\/wp-json\/wp\/v2\/pages\/1843\/revisions\/1851"}],"wp:attachment":[{"href":"https:\/\/bonjourgeneve.ch\/en\/wp-json\/wp\/v2\/media?parent=1843"}],"curies":[{"name":"wp","href":"https:\/\/api.w.org\/{rel}","templated":true}]}}