{"id":2760,"date":"2017-10-30T11:47:08","date_gmt":"2017-10-30T10:47:08","guid":{"rendered":"https:\/\/bonjourgeneve.ch\/?page_id=2760\/"},"modified":"2022-08-15T11:32:20","modified_gmt":"2022-08-15T09:32:20","slug":"contact","status":"publish","type":"page","link":"https:\/\/bonjourgeneve.ch\/en\/contact\/","title":{"rendered":"Contact"},"content":{"rendered":"<p>Hello,<\/p>\n<p id=\"tw-target-text\" class=\"tw-data-text tw-ta tw-text-medium\" dir=\"ltr\" data-placeholder=\"Traduction\"><span lang=\"en\">If you want to contact us, please the form:<\/span><\/p>\n<p>&nbsp;<\/p>\n\n<div class=\"wpcf7 no-js\" id=\"wpcf7-f6549-o1\" lang=\"fr-FR\" dir=\"ltr\" data-wpcf7-id=\"6549\">\n<div class=\"screen-reader-response\"><p role=\"status\" aria-live=\"polite\" aria-atomic=\"true\"><\/p> <ul><\/ul><\/div>\n<form action=\"\/en\/wp-json\/wp\/v2\/pages\/2760#wpcf7-f6549-o1\" method=\"post\" class=\"wpcf7-form init\" aria-label=\"Formulaire de contact\" novalidate=\"novalidate\" data-status=\"init\">\n<fieldset class=\"hidden-fields-container\"><input type=\"hidden\" name=\"_wpcf7\" value=\"6549\" \/><input type=\"hidden\" name=\"_wpcf7_version\" value=\"6.1.5\" \/><input type=\"hidden\" name=\"_wpcf7_locale\" value=\"fr_FR\" \/><input type=\"hidden\" name=\"_wpcf7_unit_tag\" value=\"wpcf7-f6549-o1\" \/><input type=\"hidden\" name=\"_wpcf7_container_post\" value=\"0\" \/><input type=\"hidden\" name=\"_wpcf7_posted_data_hash\" value=\"\" \/><input type=\"hidden\" name=\"_wpcf7_recaptcha_response\" value=\"\" \/>\n<\/fieldset>\n<p><label> Your name<br \/>\n<span class=\"wpcf7-form-control-wrap\" data-name=\"your-name\"><input size=\"40\" maxlength=\"400\" class=\"wpcf7-form-control wpcf7-text wpcf7-validates-as-required\" aria-required=\"true\" aria-invalid=\"false\" value=\"\" type=\"text\" name=\"your-name\" \/><\/span> <\/label>\n<\/p>\n<p><label> Your email<br \/>\n<span class=\"wpcf7-form-control-wrap\" data-name=\"your-email\"><input size=\"40\" maxlength=\"400\" class=\"wpcf7-form-control wpcf7-email wpcf7-validates-as-required wpcf7-text wpcf7-validates-as-email\" aria-required=\"true\" aria-invalid=\"false\" value=\"\" type=\"email\" name=\"your-email\" \/><\/span> <\/label>\n<\/p>\n<p><label> Subject<br \/>\n<span class=\"wpcf7-form-control-wrap\" data-name=\"your-subject\"><input size=\"40\" maxlength=\"400\" class=\"wpcf7-form-control wpcf7-text wpcf7-validates-as-required\" aria-required=\"true\" aria-invalid=\"false\" value=\"\" type=\"text\" name=\"your-subject\" \/><\/span> <\/label>\n<\/p>\n<p><label> Your message<br \/>\n<span class=\"wpcf7-form-control-wrap\" data-name=\"your-message\"><textarea cols=\"40\" rows=\"10\" maxlength=\"2000\" class=\"wpcf7-form-control wpcf7-textarea wpcf7-validates-as-required\" aria-required=\"true\" aria-invalid=\"false\" name=\"your-message\"><\/textarea><\/span> <\/label>\n<\/p>\n<p><input class=\"wpcf7-form-control wpcf7-submit has-spinner\" type=\"submit\" value=\"Send\" \/>\n<\/p><div class=\"wpcf7-response-output\" aria-hidden=\"true\"><\/div>\n<\/form>\n<\/div>\n\n","protected":false},"excerpt":{"rendered":"<p>Hello, If you want to contact us, please the form: &nbsp;<\/p>\n","protected":false},"author":6,"featured_media":0,"parent":0,"menu_order":0,"comment_status":"closed","ping_status":"closed","template":"","meta":{"_acf_changed":false,"footnotes":""},"class_list":["post-2760","page","type-page","status-publish","hentry"],"acf":[],"yoast_head":"<!-- This site is optimized with the Yoast SEO plugin v27.1.1 - https:\/\/yoast.com\/product\/yoast-seo-wordpress\/ -->\n<title>Contact - Bonjour Gen\u00e8ve<\/title>\n<meta name=\"description\" content=\"Bonjour Gen\u00e8ve - Bonjour \u00e0 vous, migrants de tous horizons, arriv\u00e9s depuis peu \u00e0 Gen\u00e8ve. Vivre et conna\u00eetre Gen\u00e8ve, toutes les infos pratiques\" \/>\n<meta name=\"robots\" content=\"index, follow, max-snippet:-1, max-image-preview:large, max-video-preview:-1\" \/>\n<link rel=\"canonical\" href=\"https:\/\/bonjourgeneve.ch\/en\/contact\/\" \/>\n<meta property=\"og:locale\" content=\"en_US\" \/>\n<meta property=\"og:type\" content=\"article\" \/>\n<meta property=\"og:title\" content=\"Contact - Bonjour Gen\u00e8ve\" \/>\n<meta property=\"og:description\" content=\"Bonjour Gen\u00e8ve - Bonjour \u00e0 vous, migrants de tous horizons, arriv\u00e9s depuis peu \u00e0 Gen\u00e8ve. Vivre et conna\u00eetre Gen\u00e8ve, toutes les infos pratiques\" \/>\n<meta property=\"og:url\" content=\"https:\/\/bonjourgeneve.ch\/en\/contact\/\" \/>\n<meta property=\"og:site_name\" content=\"Bonjour Gen\u00e8ve\" \/>\n<meta property=\"article:modified_time\" content=\"2022-08-15T09:32:20+00:00\" \/>\n<meta name=\"twitter:card\" content=\"summary_large_image\" \/>\n<script type=\"application\/ld+json\" class=\"yoast-schema-graph\">{\"@context\":\"https:\/\/schema.org\",\"@graph\":[{\"@type\":\"WebPage\",\"@id\":\"https:\/\/bonjourgeneve.ch\/en\/contact\/\",\"url\":\"https:\/\/bonjourgeneve.ch\/en\/contact\/\",\"name\":\"Contact - Bonjour Gen\u00e8ve\",\"isPartOf\":{\"@id\":\"https:\/\/bonjourgeneve.ch\/en\/#website\"},\"datePublished\":\"2017-10-30T10:47:08+00:00\",\"dateModified\":\"2022-08-15T09:32:20+00:00\",\"description\":\"Bonjour Gen\u00e8ve - Bonjour \u00e0 vous, migrants de tous horizons, arriv\u00e9s depuis peu \u00e0 Gen\u00e8ve. Vivre et conna\u00eetre Gen\u00e8ve, toutes les infos pratiques\",\"breadcrumb\":{\"@id\":\"https:\/\/bonjourgeneve.ch\/en\/contact\/#breadcrumb\"},\"inLanguage\":\"en-US\",\"potentialAction\":[{\"@type\":\"ReadAction\",\"target\":[\"https:\/\/bonjourgeneve.ch\/en\/contact\/\"]}]},{\"@type\":\"BreadcrumbList\",\"@id\":\"https:\/\/bonjourgeneve.ch\/en\/contact\/#breadcrumb\",\"itemListElement\":[{\"@type\":\"ListItem\",\"position\":1,\"name\":\"Accueil\",\"item\":\"https:\/\/bonjourgeneve.ch\/en\/\"},{\"@type\":\"ListItem\",\"position\":2,\"name\":\"Contact\"}]},{\"@type\":\"WebSite\",\"@id\":\"https:\/\/bonjourgeneve.ch\/en\/#website\",\"url\":\"https:\/\/bonjourgeneve.ch\/en\/\",\"name\":\"Bonjour Gen\u00e8ve\",\"description\":\"The Hospice General welcomes you to Geneva\",\"publisher\":{\"@id\":\"https:\/\/bonjourgeneve.ch\/en\/#organization\"},\"potentialAction\":[{\"@type\":\"SearchAction\",\"target\":{\"@type\":\"EntryPoint\",\"urlTemplate\":\"https:\/\/bonjourgeneve.ch\/en\/?s={search_term_string}\"},\"query-input\":{\"@type\":\"PropertyValueSpecification\",\"valueRequired\":true,\"valueName\":\"search_term_string\"}}],\"inLanguage\":\"en-US\"},{\"@type\":\"Organization\",\"@id\":\"https:\/\/bonjourgeneve.ch\/en\/#organization\",\"name\":\"Bonjour Gen\u00e8ve\",\"url\":\"https:\/\/bonjourgeneve.ch\/en\/\",\"logo\":{\"@type\":\"ImageObject\",\"inLanguage\":\"en-US\",\"@id\":\"https:\/\/bonjourgeneve.ch\/en\/#\/schema\/logo\/image\/\",\"url\":\"https:\/\/bonjourgeneve.ch\/wp-content\/uploads\/2017\/07\/apple-touch-icon-180x180.png\",\"contentUrl\":\"https:\/\/bonjourgeneve.ch\/wp-content\/uploads\/2017\/07\/apple-touch-icon-180x180.png\",\"width\":180,\"height\":180,\"caption\":\"Bonjour Gen\u00e8ve\"},\"image\":{\"@id\":\"https:\/\/bonjourgeneve.ch\/en\/#\/schema\/logo\/image\/\"}}]}<\/script>\n<!-- \/ Yoast SEO plugin. -->","yoast_head_json":{"title":"Contact - Bonjour Gen\u00e8ve","description":"Bonjour Gen\u00e8ve - Bonjour \u00e0 vous, migrants de tous horizons, arriv\u00e9s depuis peu \u00e0 Gen\u00e8ve. Vivre et conna\u00eetre Gen\u00e8ve, toutes les infos pratiques","robots":{"index":"index","follow":"follow","max-snippet":"max-snippet:-1","max-image-preview":"max-image-preview:large","max-video-preview":"max-video-preview:-1"},"canonical":"https:\/\/bonjourgeneve.ch\/en\/contact\/","og_locale":"en_US","og_type":"article","og_title":"Contact - Bonjour Gen\u00e8ve","og_description":"Bonjour Gen\u00e8ve - Bonjour \u00e0 vous, migrants de tous horizons, arriv\u00e9s depuis peu \u00e0 Gen\u00e8ve. Vivre et conna\u00eetre Gen\u00e8ve, toutes les infos pratiques","og_url":"https:\/\/bonjourgeneve.ch\/en\/contact\/","og_site_name":"Bonjour Gen\u00e8ve","article_modified_time":"2022-08-15T09:32:20+00:00","twitter_card":"summary_large_image","schema":{"@context":"https:\/\/schema.org","@graph":[{"@type":"WebPage","@id":"https:\/\/bonjourgeneve.ch\/en\/contact\/","url":"https:\/\/bonjourgeneve.ch\/en\/contact\/","name":"Contact - Bonjour Gen\u00e8ve","isPartOf":{"@id":"https:\/\/bonjourgeneve.ch\/en\/#website"},"datePublished":"2017-10-30T10:47:08+00:00","dateModified":"2022-08-15T09:32:20+00:00","description":"Bonjour Gen\u00e8ve - Bonjour \u00e0 vous, migrants de tous horizons, arriv\u00e9s depuis peu \u00e0 Gen\u00e8ve. Vivre et conna\u00eetre Gen\u00e8ve, toutes les infos pratiques","breadcrumb":{"@id":"https:\/\/bonjourgeneve.ch\/en\/contact\/#breadcrumb"},"inLanguage":"en-US","potentialAction":[{"@type":"ReadAction","target":["https:\/\/bonjourgeneve.ch\/en\/contact\/"]}]},{"@type":"BreadcrumbList","@id":"https:\/\/bonjourgeneve.ch\/en\/contact\/#breadcrumb","itemListElement":[{"@type":"ListItem","position":1,"name":"Accueil","item":"https:\/\/bonjourgeneve.ch\/en\/"},{"@type":"ListItem","position":2,"name":"Contact"}]},{"@type":"WebSite","@id":"https:\/\/bonjourgeneve.ch\/en\/#website","url":"https:\/\/bonjourgeneve.ch\/en\/","name":"Bonjour Gen\u00e8ve","description":"The Hospice General welcomes you to Geneva","publisher":{"@id":"https:\/\/bonjourgeneve.ch\/en\/#organization"},"potentialAction":[{"@type":"SearchAction","target":{"@type":"EntryPoint","urlTemplate":"https:\/\/bonjourgeneve.ch\/en\/?s={search_term_string}"},"query-input":{"@type":"PropertyValueSpecification","valueRequired":true,"valueName":"search_term_string"}}],"inLanguage":"en-US"},{"@type":"Organization","@id":"https:\/\/bonjourgeneve.ch\/en\/#organization","name":"Bonjour Gen\u00e8ve","url":"https:\/\/bonjourgeneve.ch\/en\/","logo":{"@type":"ImageObject","inLanguage":"en-US","@id":"https:\/\/bonjourgeneve.ch\/en\/#\/schema\/logo\/image\/","url":"https:\/\/bonjourgeneve.ch\/wp-content\/uploads\/2017\/07\/apple-touch-icon-180x180.png","contentUrl":"https:\/\/bonjourgeneve.ch\/wp-content\/uploads\/2017\/07\/apple-touch-icon-180x180.png","width":180,"height":180,"caption":"Bonjour Gen\u00e8ve"},"image":{"@id":"https:\/\/bonjourgeneve.ch\/en\/#\/schema\/logo\/image\/"}}]}},"_links":{"self":[{"href":"https:\/\/bonjourgeneve.ch\/en\/wp-json\/wp\/v2\/pages\/2760","targetHints":{"allow":["GET"]}}],"collection":[{"href":"https:\/\/bonjourgeneve.ch\/en\/wp-json\/wp\/v2\/pages"}],"about":[{"href":"https:\/\/bonjourgeneve.ch\/en\/wp-json\/wp\/v2\/types\/page"}],"author":[{"embeddable":true,"href":"https:\/\/bonjourgeneve.ch\/en\/wp-json\/wp\/v2\/users\/6"}],"replies":[{"embeddable":true,"href":"https:\/\/bonjourgeneve.ch\/en\/wp-json\/wp\/v2\/comments?post=2760"}],"version-history":[{"count":5,"href":"https:\/\/bonjourgeneve.ch\/en\/wp-json\/wp\/v2\/pages\/2760\/revisions"}],"predecessor-version":[{"id":6552,"href":"https:\/\/bonjourgeneve.ch\/en\/wp-json\/wp\/v2\/pages\/2760\/revisions\/6552"}],"wp:attachment":[{"href":"https:\/\/bonjourgeneve.ch\/en\/wp-json\/wp\/v2\/media?parent=2760"}],"curies":[{"name":"wp","href":"https:\/\/api.w.org\/{rel}","templated":true}]}}