{"id":2778,"date":"2017-02-05T14:11:09","date_gmt":"2017-02-05T13:11:09","guid":{"rendered":"https:\/\/bonjourgeneve.ch\/carte\/"},"modified":"2017-12-13T18:54:05","modified_gmt":"2017-12-13T17:54:05","slug":"carte","status":"publish","type":"page","link":"https:\/\/bonjourgeneve.ch\/en\/carte\/","title":{"rendered":"Map"},"content":{"rendered":"<h2>Here you will find all activities and geolocated addresses that may be useful in Geneva.<\/h2>\n","protected":false},"excerpt":{"rendered":"<p>Here you will find all activities and geolocated addresses that may be useful in Geneva.<\/p>\n","protected":false},"author":1,"featured_media":0,"parent":0,"menu_order":0,"comment_status":"closed","ping_status":"closed","template":"page-template-map.php","meta":{"_acf_changed":false,"footnotes":""},"class_list":["post-2778","page","type-page","status-publish","hentry"],"acf":[],"yoast_head":"<!-- This site is optimized with the Yoast SEO plugin v27.1.1 - https:\/\/yoast.com\/product\/yoast-seo-wordpress\/ -->\n<title>Map - Bonjour Gen\u00e8ve<\/title>\n<meta name=\"description\" content=\"Bonjour Gen\u00e8ve - Bonjour \u00e0 vous, migrants de tous horizons, arriv\u00e9s depuis peu \u00e0 Gen\u00e8ve. Vivre et conna\u00eetre Gen\u00e8ve, toutes les infos pratiques\" \/>\n<meta name=\"robots\" content=\"index, follow, max-snippet:-1, max-image-preview:large, max-video-preview:-1\" \/>\n<link rel=\"canonical\" href=\"https:\/\/bonjourgeneve.ch\/en\/carte\/\" \/>\n<meta property=\"og:locale\" content=\"en_US\" \/>\n<meta property=\"og:type\" content=\"article\" \/>\n<meta property=\"og:title\" content=\"Map - Bonjour Gen\u00e8ve\" \/>\n<meta property=\"og:description\" content=\"Bonjour Gen\u00e8ve - Bonjour \u00e0 vous, migrants de tous horizons, arriv\u00e9s depuis peu \u00e0 Gen\u00e8ve. Vivre et conna\u00eetre Gen\u00e8ve, toutes les infos pratiques\" \/>\n<meta property=\"og:url\" content=\"https:\/\/bonjourgeneve.ch\/en\/carte\/\" \/>\n<meta property=\"og:site_name\" content=\"Bonjour Gen\u00e8ve\" \/>\n<meta property=\"article:modified_time\" content=\"2017-12-13T17:54:05+00:00\" \/>\n<meta name=\"twitter:card\" content=\"summary_large_image\" \/>\n<script type=\"application\/ld+json\" class=\"yoast-schema-graph\">{\"@context\":\"https:\/\/schema.org\",\"@graph\":[{\"@type\":\"WebPage\",\"@id\":\"https:\/\/bonjourgeneve.ch\/en\/carte\/\",\"url\":\"https:\/\/bonjourgeneve.ch\/en\/carte\/\",\"name\":\"Map - Bonjour Gen\u00e8ve\",\"isPartOf\":{\"@id\":\"https:\/\/bonjourgeneve.ch\/en\/#website\"},\"datePublished\":\"2017-02-05T13:11:09+00:00\",\"dateModified\":\"2017-12-13T17:54:05+00:00\",\"description\":\"Bonjour Gen\u00e8ve - Bonjour \u00e0 vous, migrants de tous horizons, arriv\u00e9s depuis peu \u00e0 Gen\u00e8ve. Vivre et conna\u00eetre Gen\u00e8ve, toutes les infos pratiques\",\"breadcrumb\":{\"@id\":\"https:\/\/bonjourgeneve.ch\/en\/carte\/#breadcrumb\"},\"inLanguage\":\"en-US\",\"potentialAction\":[{\"@type\":\"ReadAction\",\"target\":[\"https:\/\/bonjourgeneve.ch\/en\/carte\/\"]}]},{\"@type\":\"BreadcrumbList\",\"@id\":\"https:\/\/bonjourgeneve.ch\/en\/carte\/#breadcrumb\",\"itemListElement\":[{\"@type\":\"ListItem\",\"position\":1,\"name\":\"Accueil\",\"item\":\"https:\/\/bonjourgeneve.ch\/en\/\"},{\"@type\":\"ListItem\",\"position\":2,\"name\":\"Map\"}]},{\"@type\":\"WebSite\",\"@id\":\"https:\/\/bonjourgeneve.ch\/en\/#website\",\"url\":\"https:\/\/bonjourgeneve.ch\/en\/\",\"name\":\"Bonjour Gen\u00e8ve\",\"description\":\"The Hospice General welcomes you to Geneva\",\"publisher\":{\"@id\":\"https:\/\/bonjourgeneve.ch\/en\/#organization\"},\"potentialAction\":[{\"@type\":\"SearchAction\",\"target\":{\"@type\":\"EntryPoint\",\"urlTemplate\":\"https:\/\/bonjourgeneve.ch\/en\/?s={search_term_string}\"},\"query-input\":{\"@type\":\"PropertyValueSpecification\",\"valueRequired\":true,\"valueName\":\"search_term_string\"}}],\"inLanguage\":\"en-US\"},{\"@type\":\"Organization\",\"@id\":\"https:\/\/bonjourgeneve.ch\/en\/#organization\",\"name\":\"Bonjour Gen\u00e8ve\",\"url\":\"https:\/\/bonjourgeneve.ch\/en\/\",\"logo\":{\"@type\":\"ImageObject\",\"inLanguage\":\"en-US\",\"@id\":\"https:\/\/bonjourgeneve.ch\/en\/#\/schema\/logo\/image\/\",\"url\":\"https:\/\/bonjourgeneve.ch\/wp-content\/uploads\/2017\/07\/apple-touch-icon-180x180.png\",\"contentUrl\":\"https:\/\/bonjourgeneve.ch\/wp-content\/uploads\/2017\/07\/apple-touch-icon-180x180.png\",\"width\":180,\"height\":180,\"caption\":\"Bonjour Gen\u00e8ve\"},\"image\":{\"@id\":\"https:\/\/bonjourgeneve.ch\/en\/#\/schema\/logo\/image\/\"}}]}<\/script>\n<!-- \/ Yoast SEO plugin. -->","yoast_head_json":{"title":"Map - Bonjour Gen\u00e8ve","description":"Bonjour Gen\u00e8ve - Bonjour \u00e0 vous, migrants de tous horizons, arriv\u00e9s depuis peu \u00e0 Gen\u00e8ve. Vivre et conna\u00eetre Gen\u00e8ve, toutes les infos pratiques","robots":{"index":"index","follow":"follow","max-snippet":"max-snippet:-1","max-image-preview":"max-image-preview:large","max-video-preview":"max-video-preview:-1"},"canonical":"https:\/\/bonjourgeneve.ch\/en\/carte\/","og_locale":"en_US","og_type":"article","og_title":"Map - Bonjour Gen\u00e8ve","og_description":"Bonjour Gen\u00e8ve - Bonjour \u00e0 vous, migrants de tous horizons, arriv\u00e9s depuis peu \u00e0 Gen\u00e8ve. Vivre et conna\u00eetre Gen\u00e8ve, toutes les infos pratiques","og_url":"https:\/\/bonjourgeneve.ch\/en\/carte\/","og_site_name":"Bonjour Gen\u00e8ve","article_modified_time":"2017-12-13T17:54:05+00:00","twitter_card":"summary_large_image","schema":{"@context":"https:\/\/schema.org","@graph":[{"@type":"WebPage","@id":"https:\/\/bonjourgeneve.ch\/en\/carte\/","url":"https:\/\/bonjourgeneve.ch\/en\/carte\/","name":"Map - Bonjour Gen\u00e8ve","isPartOf":{"@id":"https:\/\/bonjourgeneve.ch\/en\/#website"},"datePublished":"2017-02-05T13:11:09+00:00","dateModified":"2017-12-13T17:54:05+00:00","description":"Bonjour Gen\u00e8ve - Bonjour \u00e0 vous, migrants de tous horizons, arriv\u00e9s depuis peu \u00e0 Gen\u00e8ve. Vivre et conna\u00eetre Gen\u00e8ve, toutes les infos pratiques","breadcrumb":{"@id":"https:\/\/bonjourgeneve.ch\/en\/carte\/#breadcrumb"},"inLanguage":"en-US","potentialAction":[{"@type":"ReadAction","target":["https:\/\/bonjourgeneve.ch\/en\/carte\/"]}]},{"@type":"BreadcrumbList","@id":"https:\/\/bonjourgeneve.ch\/en\/carte\/#breadcrumb","itemListElement":[{"@type":"ListItem","position":1,"name":"Accueil","item":"https:\/\/bonjourgeneve.ch\/en\/"},{"@type":"ListItem","position":2,"name":"Map"}]},{"@type":"WebSite","@id":"https:\/\/bonjourgeneve.ch\/en\/#website","url":"https:\/\/bonjourgeneve.ch\/en\/","name":"Bonjour Gen\u00e8ve","description":"The Hospice General welcomes you to Geneva","publisher":{"@id":"https:\/\/bonjourgeneve.ch\/en\/#organization"},"potentialAction":[{"@type":"SearchAction","target":{"@type":"EntryPoint","urlTemplate":"https:\/\/bonjourgeneve.ch\/en\/?s={search_term_string}"},"query-input":{"@type":"PropertyValueSpecification","valueRequired":true,"valueName":"search_term_string"}}],"inLanguage":"en-US"},{"@type":"Organization","@id":"https:\/\/bonjourgeneve.ch\/en\/#organization","name":"Bonjour Gen\u00e8ve","url":"https:\/\/bonjourgeneve.ch\/en\/","logo":{"@type":"ImageObject","inLanguage":"en-US","@id":"https:\/\/bonjourgeneve.ch\/en\/#\/schema\/logo\/image\/","url":"https:\/\/bonjourgeneve.ch\/wp-content\/uploads\/2017\/07\/apple-touch-icon-180x180.png","contentUrl":"https:\/\/bonjourgeneve.ch\/wp-content\/uploads\/2017\/07\/apple-touch-icon-180x180.png","width":180,"height":180,"caption":"Bonjour Gen\u00e8ve"},"image":{"@id":"https:\/\/bonjourgeneve.ch\/en\/#\/schema\/logo\/image\/"}}]}},"_links":{"self":[{"href":"https:\/\/bonjourgeneve.ch\/en\/wp-json\/wp\/v2\/pages\/2778","targetHints":{"allow":["GET"]}}],"collection":[{"href":"https:\/\/bonjourgeneve.ch\/en\/wp-json\/wp\/v2\/pages"}],"about":[{"href":"https:\/\/bonjourgeneve.ch\/en\/wp-json\/wp\/v2\/types\/page"}],"author":[{"embeddable":true,"href":"https:\/\/bonjourgeneve.ch\/en\/wp-json\/wp\/v2\/users\/1"}],"replies":[{"embeddable":true,"href":"https:\/\/bonjourgeneve.ch\/en\/wp-json\/wp\/v2\/comments?post=2778"}],"version-history":[{"count":3,"href":"https:\/\/bonjourgeneve.ch\/en\/wp-json\/wp\/v2\/pages\/2778\/revisions"}],"predecessor-version":[{"id":2996,"href":"https:\/\/bonjourgeneve.ch\/en\/wp-json\/wp\/v2\/pages\/2778\/revisions\/2996"}],"wp:attachment":[{"href":"https:\/\/bonjourgeneve.ch\/en\/wp-json\/wp\/v2\/media?parent=2778"}],"curies":[{"name":"wp","href":"https:\/\/api.w.org\/{rel}","templated":true}]}}